{"id":14,"date":"2020-03-27T11:53:11","date_gmt":"2020-03-27T16:53:11","guid":{"rendered":"https:\/\/www.ccayl.com\/?page_id=14"},"modified":"2020-03-28T15:54:13","modified_gmt":"2020-03-28T20:54:13","slug":"servicios","status":"publish","type":"page","link":"https:\/\/www.ccayl.com\/ccayl\/servicios\/","title":{"rendered":"SERVICIOS"},"content":{"rendered":"\n<p><strong><em>Rutas escolares <\/em><\/strong><\/p>\n\n\n\n<p>Contamos con\nrutas de transporte escolar, autorizadas por el Ministerio de Transporte,\ngarantizando seguridad y puntualidad.<\/p>\n\n\n\n<p>Ofrecemos\ncubrimiento en todas las zonas de Zipaquir\u00e1.<\/p>\n\n\n\n<p>Personal calificado con amplia experiencia en\nel manejo de ni\u00f1os. Servicio puerta a puerta para pre-escolar y primaria.<\/p>\n\n\n\n<p><strong>Jornada extendida <\/strong><\/p>\n\n\n\n<p>Pensando\nen los padres de familia que tienen horarios extensos, ofrecemos un horario\nhasta las 4pm en el que los estudiantes despu\u00e9s de terminar su horario\ncurricular hasta la 1 pm; podr\u00e1n tomar almuerzo en el colegio y realizar sus\ntareas. <\/p>\n\n\n\n<p><strong>Electivas<\/strong><strong> <\/strong><\/p>\n\n\n\n<p>brindamos a los estudiantes la oportunidad de\ndesarrollar y potencializar sus habilidades f\u00edsicas, destrezas y talentos\nmediante la pr\u00e1ctica de f\u00fatbol, nataci\u00f3n, tenis, ballet, karate, equitaci\u00f3n.<\/p>\n\n\n\n<p>Tenemos convenio\ncon diferentes clubes externos seleccionados previamente, donde cada estudiante\ntiene la opci\u00f3n de escoger libremente el deporte de su predilecci\u00f3n.<\/p>\n\n\n\n<div class=\"wp-block-media-text alignwide\" style=\"grid-template-columns:23% auto\"><figure class=\"wp-block-media-text__media\"><img loading=\"lazy\" decoding=\"async\" width=\"180\" height=\"178\" src=\"https:\/\/www.ccayl.com\/wp-content\/uploads\/2020\/03\/futbol.jpg\" alt=\"\" class=\"wp-image-85\" srcset=\"https:\/\/www.ccayl.com\/ccayl\/wp-content\/uploads\/2020\/03\/futbol.jpg 180w, https:\/\/www.ccayl.com\/ccayl\/wp-content\/uploads\/2020\/03\/futbol-24x24.jpg 24w, https:\/\/www.ccayl.com\/ccayl\/wp-content\/uploads\/2020\/03\/futbol-36x36.jpg 36w, https:\/\/www.ccayl.com\/ccayl\/wp-content\/uploads\/2020\/03\/futbol-48x48.jpg 48w\" sizes=\"auto, (max-width: 180px) 100vw, 180px\" \/><\/figure><div class=\"wp-block-media-text__content\">\n<p><strong>Futbol<\/strong><\/p>\n\n\n\n<p class=\"has-regular-font-size\">Ayuda a fomentar el trabajo en equipo, el liderazgo, la tolerancia a la frustraci\u00f3n y estimula las habilidades motrices de coordinaci\u00f3n, equilibrio y lateralidad. Implementos: Uniforme de educaci\u00f3n f\u00edsica, indispensable guayos, medias para f\u00fatbol y canilleras. <\/p>\n<\/div><\/div>\n\n\n\n<div class=\"wp-block-media-text alignwide has-media-on-the-right\" style=\"grid-template-columns:auto 26%\"><figure class=\"wp-block-media-text__media\"><img loading=\"lazy\" decoding=\"async\" width=\"170\" height=\"170\" src=\"https:\/\/www.ccayl.com\/wp-content\/uploads\/2020\/03\/Natacion.jpg\" alt=\"\" class=\"wp-image-89\" srcset=\"https:\/\/www.ccayl.com\/ccayl\/wp-content\/uploads\/2020\/03\/Natacion.jpg 170w, https:\/\/www.ccayl.com\/ccayl\/wp-content\/uploads\/2020\/03\/Natacion-150x150.jpg 150w, https:\/\/www.ccayl.com\/ccayl\/wp-content\/uploads\/2020\/03\/Natacion-24x24.jpg 24w, https:\/\/www.ccayl.com\/ccayl\/wp-content\/uploads\/2020\/03\/Natacion-36x36.jpg 36w, https:\/\/www.ccayl.com\/ccayl\/wp-content\/uploads\/2020\/03\/Natacion-48x48.jpg 48w\" sizes=\"auto, (max-width: 170px) 100vw, 170px\" \/><\/figure><div class=\"wp-block-media-text__content\">\n<p><strong>Nataci\u00f3n<\/strong><\/p>\n\n\n\n<p class=\"has-regular-font-size\">Desarrolla velocidad, auto control, esp\u00edritu de competici\u00f3n sana y sin violencia. Implementos deportivos: vestido de ba\u00f1o, gorro (indispensable), toalla, pantuflas de caucho, bolsa pl\u00e1stica marcada para guardar los implementos. <\/p>\n<\/div><\/div>\n\n\n\n<div class=\"wp-block-media-text alignwide\" style=\"grid-template-columns:24% auto\"><figure class=\"wp-block-media-text__media\"><img loading=\"lazy\" decoding=\"async\" width=\"172\" height=\"172\" src=\"https:\/\/www.ccayl.com\/wp-content\/uploads\/2020\/03\/tennis.jpg\" alt=\"\" class=\"wp-image-90\" srcset=\"https:\/\/www.ccayl.com\/ccayl\/wp-content\/uploads\/2020\/03\/tennis.jpg 172w, https:\/\/www.ccayl.com\/ccayl\/wp-content\/uploads\/2020\/03\/tennis-150x150.jpg 150w, https:\/\/www.ccayl.com\/ccayl\/wp-content\/uploads\/2020\/03\/tennis-24x24.jpg 24w, https:\/\/www.ccayl.com\/ccayl\/wp-content\/uploads\/2020\/03\/tennis-36x36.jpg 36w, https:\/\/www.ccayl.com\/ccayl\/wp-content\/uploads\/2020\/03\/tennis-48x48.jpg 48w\" sizes=\"auto, (max-width: 172px) 100vw, 172px\" \/><\/figure><div class=\"wp-block-media-text__content\">\n<p class=\"has-regular-font-size\"><strong>Tennis<\/strong><\/p>\n\n\n\n<p class=\"has-regular-font-size\">Genera disciplina, precisi\u00f3n, velocidad, resistencia y agilidad. Implementos deportivos: raqueta, camiseta y pantaloneta y gorra del colegio. <\/p>\n<\/div><\/div>\n\n\n\n<div class=\"wp-block-media-text alignwide has-media-on-the-right\" style=\"grid-template-columns:auto 24%\"><figure class=\"wp-block-media-text__media\"><img loading=\"lazy\" decoding=\"async\" width=\"178\" height=\"133\" src=\"https:\/\/www.ccayl.com\/wp-content\/uploads\/2020\/03\/danzas.png\" alt=\"\" class=\"wp-image-92\" srcset=\"https:\/\/www.ccayl.com\/ccayl\/wp-content\/uploads\/2020\/03\/danzas.png 178w, https:\/\/www.ccayl.com\/ccayl\/wp-content\/uploads\/2020\/03\/danzas-24x18.png 24w, https:\/\/www.ccayl.com\/ccayl\/wp-content\/uploads\/2020\/03\/danzas-36x27.png 36w, https:\/\/www.ccayl.com\/ccayl\/wp-content\/uploads\/2020\/03\/danzas-48x36.png 48w\" sizes=\"auto, (max-width: 178px) 100vw, 178px\" \/><\/figure><div class=\"wp-block-media-text__content\">\n<p><strong>Danzas<\/strong><\/p>\n\n\n\n<p class=\"has-regular-font-size\">Aporta al desarrollo f\u00edsico, emocional y social, sube la autoestima,\u00a0\u00a0\u00a0\u00a0 corrige posturas con coordinaci\u00f3n y equilibrio. <\/p>\n<\/div><\/div>\n\n\n\n<div class=\"wp-block-media-text alignwide\" style=\"grid-template-columns:25% auto\"><figure class=\"wp-block-media-text__media\"><img loading=\"lazy\" decoding=\"async\" width=\"155\" height=\"155\" src=\"https:\/\/www.ccayl.com\/wp-content\/uploads\/2020\/03\/Padres.jpg\" alt=\"\" class=\"wp-image-94\" srcset=\"https:\/\/www.ccayl.com\/ccayl\/wp-content\/uploads\/2020\/03\/Padres.jpg 155w, https:\/\/www.ccayl.com\/ccayl\/wp-content\/uploads\/2020\/03\/Padres-150x150.jpg 150w, https:\/\/www.ccayl.com\/ccayl\/wp-content\/uploads\/2020\/03\/Padres-24x24.jpg 24w, https:\/\/www.ccayl.com\/ccayl\/wp-content\/uploads\/2020\/03\/Padres-36x36.jpg 36w, https:\/\/www.ccayl.com\/ccayl\/wp-content\/uploads\/2020\/03\/Padres-48x48.jpg 48w\" sizes=\"auto, (max-width: 155px) 100vw, 155px\" \/><\/figure><div class=\"wp-block-media-text__content\">\n<p><strong>Padres de Familia<\/strong><\/p>\n\n\n\n<p class=\"has-regular-font-size\">Actividades realizadas con los padres de familia para evidenciar las diferentes profesiones. <\/p>\n<\/div><\/div>\n\n\n\n<div class=\"wp-block-media-text alignwide has-media-on-the-right\" style=\"grid-template-columns:auto 24%\"><figure class=\"wp-block-media-text__media\"><img loading=\"lazy\" decoding=\"async\" width=\"215\" height=\"215\" src=\"https:\/\/www.ccayl.com\/wp-content\/uploads\/2020\/03\/actividades.png\" alt=\"\" class=\"wp-image-95\" srcset=\"https:\/\/www.ccayl.com\/ccayl\/wp-content\/uploads\/2020\/03\/actividades.png 215w, https:\/\/www.ccayl.com\/ccayl\/wp-content\/uploads\/2020\/03\/actividades-150x150.png 150w, https:\/\/www.ccayl.com\/ccayl\/wp-content\/uploads\/2020\/03\/actividades-24x24.png 24w, https:\/\/www.ccayl.com\/ccayl\/wp-content\/uploads\/2020\/03\/actividades-36x36.png 36w, https:\/\/www.ccayl.com\/ccayl\/wp-content\/uploads\/2020\/03\/actividades-48x48.png 48w\" sizes=\"auto, (max-width: 215px) 100vw, 215px\" \/><\/figure><div class=\"wp-block-media-text__content\">\n<p><strong>Actividades pedag\u00f3gicas<\/strong><\/p>\n\n\n\n<p class=\"has-regular-font-size\">Actividades y salidas pedag\u00f3gicas para que nuestros estudiantes tengan contacto con la ciencia, la naturaleza y los animales generando aprendizajes vivenciales.<\/p>\n<\/div><\/div>\n\n\n\n<p>Servicio a la comunidad y visitas a los\nabuelitos en geri\u00e1tricos <\/p>\n","protected":false},"excerpt":{"rendered":"<p>Rutas escolares Contamos con rutas de transporte escolar, autorizadas por el Ministerio de Transporte, garantizando seguridad y puntualidad. Ofrecemos cubrimiento en todas las zonas de Zipaquir\u00e1. Personal calificado con amplia experiencia en el manejo de ni\u00f1os. Servicio puerta a puerta para pre-escolar y primaria. Jornada extendida Pensando en los padres de familia que tienen horarios [&hellip;]<\/p>\n","protected":false},"author":1,"featured_media":0,"parent":0,"menu_order":0,"comment_status":"closed","ping_status":"closed","template":"","meta":{"footnotes":""},"class_list":["post-14","page","type-page","status-publish","hentry"],"_links":{"self":[{"href":"https:\/\/www.ccayl.com\/ccayl\/wp-json\/wp\/v2\/pages\/14","targetHints":{"allow":["GET"]}}],"collection":[{"href":"https:\/\/www.ccayl.com\/ccayl\/wp-json\/wp\/v2\/pages"}],"about":[{"href":"https:\/\/www.ccayl.com\/ccayl\/wp-json\/wp\/v2\/types\/page"}],"author":[{"embeddable":true,"href":"https:\/\/www.ccayl.com\/ccayl\/wp-json\/wp\/v2\/users\/1"}],"replies":[{"embeddable":true,"href":"https:\/\/www.ccayl.com\/ccayl\/wp-json\/wp\/v2\/comments?post=14"}],"version-history":[{"count":8,"href":"https:\/\/www.ccayl.com\/ccayl\/wp-json\/wp\/v2\/pages\/14\/revisions"}],"predecessor-version":[{"id":96,"href":"https:\/\/www.ccayl.com\/ccayl\/wp-json\/wp\/v2\/pages\/14\/revisions\/96"}],"wp:attachment":[{"href":"https:\/\/www.ccayl.com\/ccayl\/wp-json\/wp\/v2\/media?parent=14"}],"curies":[{"name":"wp","href":"https:\/\/api.w.org\/{rel}","templated":true}]}}